{"id":8733,"date":"2022-12-01T15:14:43","date_gmt":"2022-12-01T14:14:43","guid":{"rendered":"https:\/\/morivita.be\/?post_type=product&#038;p=8733"},"modified":"2023-06-15T09:33:52","modified_gmt":"2023-06-15T07:33:52","slug":"bio-urne-terre-eau-sel-sand-samsara-dauphin-ou-mains","status":"publish","type":"product","link":"https:\/\/morivita.be\/fr\/produit\/bio-urne-terre-eau-sel-sand-samsara-dauphin-ou-mains\/","title":{"rendered":"Bio Urne TERRE et EAU | SAMSARA | Dauphin ou Mains"},"content":{"rendered":"","protected":false},"excerpt":{"rendered":"<p><strong>Bio urn &#8220;SAMSARA&#8221;<\/strong><\/p>\n<p>Ces urnes bio sont fabriqu\u00e9es \u00e0 la main et sont enti\u00e8rement fabriqu\u00e9es \u00e0 partir de mat\u00e9riaux naturels et biod\u00e9gradables, qui se d\u00e9composent naturellement et sont restitu\u00e9s \u00e0 la nature dans les zones c\u00f4ti\u00e8res ou dans la mer. Les urnes sont fabriqu\u00e9es \u00e0 partir de sable ou de sel et de liants v\u00e9g\u00e9taux.<\/p>\n<p>Les urnes bio en sel ou en sable sont parfaites pour \u00eatre d\u00e9pos\u00e9es dans la mer. Ils sont durs et r\u00e9sistants dans les environnements secs, mais d\u00e8s qu&#8217;ils sont mis sous l&#8217;eau, ils commencent \u00e0 se dissoudre et disparaissent en quelques minutes. Ces urnes bio existent en 3 tailles, 0,75L, 3L ou 4L.<\/p>\n<p><strong>Une remise suppl\u00e9mentaire est accord\u00e9e lors de la commande de plusieurs urnes de notre gamme.<\/strong><\/p>\n<p><strong>A l\u2019achat \u00e0 partir de 6 urnes \u2013 5% de remise !<\/strong><br \/>\n<strong>A l\u2019achat \u00e0 partir de 20 urnes \u2013 10% de remise !<\/strong><\/p>\n","protected":false},"featured_media":8694,"template":"","meta":{"_acf_changed":false},"product_brand":[],"product_cat":[331,407,295,762],"product_tag":[],"class_list":{"0":"post-8733","1":"product","2":"type-product","3":"status-publish","4":"has-post-thumbnail","6":"product_cat-eco-fr","7":"product_cat-urne-bio","8":"product_cat-urnes-fr","9":"product_cat-urnes-a-sable","11":"first","12":"instock","13":"taxable","14":"shipping-taxable","15":"purchasable","16":"product-type-variable"},"acf":[],"_links":{"self":[{"href":"https:\/\/morivita.be\/fr\/wp-json\/wp\/v2\/product\/8733","targetHints":{"allow":["GET"]}}],"collection":[{"href":"https:\/\/morivita.be\/fr\/wp-json\/wp\/v2\/product"}],"about":[{"href":"https:\/\/morivita.be\/fr\/wp-json\/wp\/v2\/types\/product"}],"wp:featuredmedia":[{"embeddable":true,"href":"https:\/\/morivita.be\/fr\/wp-json\/wp\/v2\/media\/8694"}],"wp:attachment":[{"href":"https:\/\/morivita.be\/fr\/wp-json\/wp\/v2\/media?parent=8733"}],"wp:term":[{"taxonomy":"product_brand","embeddable":true,"href":"https:\/\/morivita.be\/fr\/wp-json\/wp\/v2\/product_brand?post=8733"},{"taxonomy":"product_cat","embeddable":true,"href":"https:\/\/morivita.be\/fr\/wp-json\/wp\/v2\/product_cat?post=8733"},{"taxonomy":"product_tag","embeddable":true,"href":"https:\/\/morivita.be\/fr\/wp-json\/wp\/v2\/product_tag?post=8733"}],"curies":[{"name":"wp","href":"https:\/\/api.w.org\/{rel}","templated":true}]}}