{"id":8755,"date":"2022-12-01T15:24:43","date_gmt":"2022-12-01T14:24:43","guid":{"rendered":"https:\/\/morivita.be\/?post_type=product&#038;p=8755"},"modified":"2023-06-15T09:32:31","modified_gmt":"2023-06-15T07:32:31","slug":"bio-urne-oceaan-greca-sel-sand-oceanus","status":"publish","type":"product","link":"https:\/\/morivita.be\/fr\/produit\/bio-urne-oceaan-greca-sel-sand-oceanus\/","title":{"rendered":"Bio Urne OCEAN | OCEANUS | Greca"},"content":{"rendered":"","protected":false},"excerpt":{"rendered":"<p><strong>Urne en sable biod\u00e9gradable \u201cOceanus\u201d<\/strong><\/p>\n<p>Ces urnes BIO sont fabriqu\u00e9es \u00e0 la main et sont enti\u00e8rement fabriqu\u00e9es \u00e0 partir de mat\u00e9riaux naturels et biod\u00e9gradables, qui se d\u00e9composent naturellement et sont restitu\u00e9s \u00e0 la nature dans les zones c\u00f4ti\u00e8res ou dans la mer. Les urnes BIO sont compos\u00e9es uniquement de sable ou de sel et de liants v\u00e9g\u00e9taux.<\/p>\n<p>Les urnes BIO \u00e0 sel ou \u00e0 sable sont parfaites pour le d\u00e9p\u00f4t en mer. Ils sont durs et r\u00e9sistants dans les environnements secs, mais d\u00e8s qu&#8217;ils sont mis sous l&#8217;eau, ils commencent \u00e0 se dissoudre et disparaissent en quelques minutes.<\/p>\n<p>&nbsp;<\/p>\n<p><strong>Une remise suppl\u00e9mentaire est accord\u00e9e lors de la commande de plusieurs urnes de notre gamme.<\/strong><\/p>\n<p><strong>A l\u2019achat \u00e0 partir de 6 urnes \u2013 5% de remise !<\/strong><br \/>\n<strong>A l\u2019achat \u00e0 partir de 20 urnes \u2013 10% de remise !<\/strong><\/p>\n","protected":false},"featured_media":8696,"template":"","meta":{"_acf_changed":false},"product_brand":[],"product_cat":[331,407,295,762],"product_tag":[],"class_list":{"0":"post-8755","1":"product","2":"type-product","3":"status-publish","4":"has-post-thumbnail","6":"product_cat-eco-fr","7":"product_cat-urne-bio","8":"product_cat-urnes-fr","9":"product_cat-urnes-a-sable","11":"first","12":"instock","13":"taxable","14":"shipping-taxable","15":"purchasable","16":"product-type-simple"},"acf":[],"_links":{"self":[{"href":"https:\/\/morivita.be\/fr\/wp-json\/wp\/v2\/product\/8755","targetHints":{"allow":["GET"]}}],"collection":[{"href":"https:\/\/morivita.be\/fr\/wp-json\/wp\/v2\/product"}],"about":[{"href":"https:\/\/morivita.be\/fr\/wp-json\/wp\/v2\/types\/product"}],"wp:featuredmedia":[{"embeddable":true,"href":"https:\/\/morivita.be\/fr\/wp-json\/wp\/v2\/media\/8696"}],"wp:attachment":[{"href":"https:\/\/morivita.be\/fr\/wp-json\/wp\/v2\/media?parent=8755"}],"wp:term":[{"taxonomy":"product_brand","embeddable":true,"href":"https:\/\/morivita.be\/fr\/wp-json\/wp\/v2\/product_brand?post=8755"},{"taxonomy":"product_cat","embeddable":true,"href":"https:\/\/morivita.be\/fr\/wp-json\/wp\/v2\/product_cat?post=8755"},{"taxonomy":"product_tag","embeddable":true,"href":"https:\/\/morivita.be\/fr\/wp-json\/wp\/v2\/product_tag?post=8755"}],"curies":[{"name":"wp","href":"https:\/\/api.w.org\/{rel}","templated":true}]}}