{"id":8760,"date":"2022-12-01T15:34:01","date_gmt":"2022-12-01T14:34:01","guid":{"rendered":"https:\/\/morivita.be\/?post_type=product&#038;p=8760"},"modified":"2023-06-15T09:31:30","modified_gmt":"2023-06-15T07:31:30","slug":"bio-urn-terre-eau-aranea-greca","status":"publish","type":"product","link":"https:\/\/morivita.be\/fr\/produit\/bio-urn-terre-eau-aranea-greca\/","title":{"rendered":"Bio Urne TERRE et EAU | ARENEA Greca"},"content":{"rendered":"","protected":false},"excerpt":{"rendered":"<p><strong>Urne marine biod\u00e9gradable &#8220;Arenae&#8221;<\/strong><\/p>\n<p>Ces urnes bio sont fabriqu\u00e9es \u00e0 la main avec des mat\u00e9riaux 100% naturels et biod\u00e9gradables, adapt\u00e9es \u00e0 la r\u00e9installation dans les zones c\u00f4ti\u00e8res ou en mer.<br \/>\nLes urnes bio en sel ou en sable sont parfaites pour \u00eatre d\u00e9pos\u00e9es en mer. Lorsqu&#8217;ils sont immerg\u00e9s dans l&#8217;eau, la dissolution commence, culminant en quelques minutes.<\/p>\n<p><strong>Une remise suppl\u00e9mentaire est accord\u00e9e lors de la commande de plusieurs urnes de notre gamme.<\/strong><\/p>\n<p><strong>A l\u2019achat \u00e0 partir de 6 urnes \u2013 5% de remise !<\/strong><br \/>\n<strong>A l\u2019achat \u00e0 partir de 20 urnes \u2013 10% de remise !<\/strong><\/p>\n","protected":false},"featured_media":8688,"template":"","meta":{"_acf_changed":false},"product_brand":[],"product_cat":[331,407,295,762],"product_tag":[],"class_list":{"0":"post-8760","1":"product","2":"type-product","3":"status-publish","4":"has-post-thumbnail","6":"product_cat-eco-fr","7":"product_cat-urne-bio","8":"product_cat-urnes-fr","9":"product_cat-urnes-a-sable","11":"first","12":"instock","13":"taxable","14":"shipping-taxable","15":"purchasable","16":"product-type-simple"},"acf":[],"_links":{"self":[{"href":"https:\/\/morivita.be\/fr\/wp-json\/wp\/v2\/product\/8760","targetHints":{"allow":["GET"]}}],"collection":[{"href":"https:\/\/morivita.be\/fr\/wp-json\/wp\/v2\/product"}],"about":[{"href":"https:\/\/morivita.be\/fr\/wp-json\/wp\/v2\/types\/product"}],"wp:featuredmedia":[{"embeddable":true,"href":"https:\/\/morivita.be\/fr\/wp-json\/wp\/v2\/media\/8688"}],"wp:attachment":[{"href":"https:\/\/morivita.be\/fr\/wp-json\/wp\/v2\/media?parent=8760"}],"wp:term":[{"taxonomy":"product_brand","embeddable":true,"href":"https:\/\/morivita.be\/fr\/wp-json\/wp\/v2\/product_brand?post=8760"},{"taxonomy":"product_cat","embeddable":true,"href":"https:\/\/morivita.be\/fr\/wp-json\/wp\/v2\/product_cat?post=8760"},{"taxonomy":"product_tag","embeddable":true,"href":"https:\/\/morivita.be\/fr\/wp-json\/wp\/v2\/product_tag?post=8760"}],"curies":[{"name":"wp","href":"https:\/\/api.w.org\/{rel}","templated":true}]}}