{"id":8765,"date":"2022-12-01T15:38:12","date_gmt":"2022-12-01T14:38:12","guid":{"rendered":"https:\/\/morivita.be\/?post_type=product&#038;p=8765"},"modified":"2023-06-21T15:25:11","modified_gmt":"2023-06-21T13:25:11","slug":"pattes-os-urne-animaliere-samsara-a-deposer-dans-la-mer","status":"publish","type":"product","link":"https:\/\/morivita.be\/fr\/produit\/pattes-os-urne-animaliere-samsara-a-deposer-dans-la-mer\/","title":{"rendered":"Bio Urne ANIMALE TERRE et EAU | SAMASARA PATTES et OS"},"content":{"rendered":"<p><iframe width=\"560\" height=\"315\" src=\"https:\/\/www.youtube.com\/embed\/UKc-uRlUMfI\" title=\"YouTube video player\" frameborder=\"0\" allow=\"accelerometer; autoplay; clipboard-write; encrypted-media; gyroscope; picture-in-picture; web-share\" allowfullscreen=\"\"><\/iframe><\/p>\n","protected":false},"excerpt":{"rendered":"<p><strong>BIO Urne animali\u00e8re &#8220;Samsara&#8221;<\/strong><\/p>\n<p>Urne animali\u00e8re &#8220;Samsara&#8221; \u00e0 d\u00e9poser dans la mer.<br \/>\nUrnes bio pour animaux faites de mat\u00e9riaux qui se fondent dans l&#8217;environnement afin que vous puissiez les d\u00e9poser dans n&#8217;importe quel environnement naturel. \u00c0 la maison, les urnes animales restent stables, mais d\u00e8s qu&#8217;elles sont enterr\u00e9es ou entrent en contact avec un environnement humide, elles se d\u00e9sagr\u00e8gent et en font partie. Ces urnes bio existent en 2 tailles, 0,75L OU 3L.<\/p>\n<p><strong>Une remise suppl\u00e9mentaire est accord\u00e9e lors de la commande de plusieurs urnes de notre gamme.<\/strong><\/p>\n<p><strong>A l\u2019achat \u00e0 partir de 6 urnes \u2013 5% de remise !<\/strong><br \/>\n<strong>A l\u2019achat \u00e0 partir de 20 urnes \u2013 10% de remise !<\/strong><\/p>\n","protected":false},"featured_media":8702,"template":"","meta":{"_acf_changed":false},"product_brand":[],"product_cat":[331,407,295,762,759],"product_tag":[],"class_list":{"0":"post-8765","1":"product","2":"type-product","3":"status-publish","4":"has-post-thumbnail","6":"product_cat-eco-fr","7":"product_cat-urne-bio","8":"product_cat-urnes-fr","9":"product_cat-urnes-a-sable","10":"product_cat-urnes-pour-animaux","12":"first","13":"instock","14":"taxable","15":"shipping-taxable","16":"purchasable","17":"product-type-variable"},"acf":[],"_links":{"self":[{"href":"https:\/\/morivita.be\/fr\/wp-json\/wp\/v2\/product\/8765","targetHints":{"allow":["GET"]}}],"collection":[{"href":"https:\/\/morivita.be\/fr\/wp-json\/wp\/v2\/product"}],"about":[{"href":"https:\/\/morivita.be\/fr\/wp-json\/wp\/v2\/types\/product"}],"wp:featuredmedia":[{"embeddable":true,"href":"https:\/\/morivita.be\/fr\/wp-json\/wp\/v2\/media\/8702"}],"wp:attachment":[{"href":"https:\/\/morivita.be\/fr\/wp-json\/wp\/v2\/media?parent=8765"}],"wp:term":[{"taxonomy":"product_brand","embeddable":true,"href":"https:\/\/morivita.be\/fr\/wp-json\/wp\/v2\/product_brand?post=8765"},{"taxonomy":"product_cat","embeddable":true,"href":"https:\/\/morivita.be\/fr\/wp-json\/wp\/v2\/product_cat?post=8765"},{"taxonomy":"product_tag","embeddable":true,"href":"https:\/\/morivita.be\/fr\/wp-json\/wp\/v2\/product_tag?post=8765"}],"curies":[{"name":"wp","href":"https:\/\/api.w.org\/{rel}","templated":true}]}}