{"id":8775,"date":"2022-12-01T15:43:45","date_gmt":"2022-12-01T14:43:45","guid":{"rendered":"https:\/\/morivita.be\/?post_type=product&#038;p=8775"},"modified":"2023-06-21T15:24:34","modified_gmt":"2023-06-21T13:24:34","slug":"bio-urne-pour-animal-eau-terre-os-pattes-salium","status":"publish","type":"product","link":"https:\/\/morivita.be\/fr\/produit\/bio-urne-pour-animal-eau-terre-os-pattes-salium\/","title":{"rendered":"Bio Urne ANIMALE TERRE et EAU | SALIUM PATTES et OS"},"content":{"rendered":"<p><iframe width=\"560\" height=\"315\" src=\"https:\/\/www.youtube.com\/embed\/sPk2pIOEYa8\" title=\"YouTube video player\" frameborder=\"0\" allow=\"accelerometer; autoplay; clipboard-write; encrypted-media; gyroscope; picture-in-picture; web-share\" allowfullscreen=\"\"><\/iframe><\/p>\n","protected":false},"excerpt":{"rendered":"<p><strong>Urne &#8220;salium&#8221; pour animaux de compagnie<\/strong><\/p>\n<p>Urnes bio pour animaux de compagnie fabriqu\u00e9es avec des mat\u00e9riaux qui fusionnent avec l&#8217;environnement afin que vous puissiez les d\u00e9poser dans n&#8217;importe quel cadre naturel.<\/p>\n<p>Les urnes \u00e0 sel ou \u00e0 sable sont parfaites pour \u00eatre d\u00e9pos\u00e9es en mer. Ils sont durs et r\u00e9sistants dans les environnements secs, mais d\u00e8s qu&#8217;ils sont mis sous l&#8217;eau, ils commencent \u00e0 se dissoudre et disparaissent en quelques minutes. Ces urnes bio existent en 2 tailles, 0,75L OU 3L.<\/p>\n<p><strong>Une remise suppl\u00e9mentaire est accord\u00e9e lors de la commande de plusieurs urnes de notre gamme.<\/strong><\/p>\n<p><strong>A l\u2019achat \u00e0 partir de 6 urnes \u2013 5% de remise !<\/strong><br \/>\n<strong>A l\u2019achat \u00e0 partir de 20 urnes \u2013 10% de remise !<\/strong><\/p>\n","protected":false},"featured_media":8686,"template":"","meta":{"_acf_changed":false},"product_brand":[],"product_cat":[331,407,295,762,759],"product_tag":[],"class_list":{"0":"post-8775","1":"product","2":"type-product","3":"status-publish","4":"has-post-thumbnail","6":"product_cat-eco-fr","7":"product_cat-urne-bio","8":"product_cat-urnes-fr","9":"product_cat-urnes-a-sable","10":"product_cat-urnes-pour-animaux","12":"first","13":"instock","14":"taxable","15":"shipping-taxable","16":"purchasable","17":"product-type-variable"},"acf":[],"_links":{"self":[{"href":"https:\/\/morivita.be\/fr\/wp-json\/wp\/v2\/product\/8775","targetHints":{"allow":["GET"]}}],"collection":[{"href":"https:\/\/morivita.be\/fr\/wp-json\/wp\/v2\/product"}],"about":[{"href":"https:\/\/morivita.be\/fr\/wp-json\/wp\/v2\/types\/product"}],"wp:featuredmedia":[{"embeddable":true,"href":"https:\/\/morivita.be\/fr\/wp-json\/wp\/v2\/media\/8686"}],"wp:attachment":[{"href":"https:\/\/morivita.be\/fr\/wp-json\/wp\/v2\/media?parent=8775"}],"wp:term":[{"taxonomy":"product_brand","embeddable":true,"href":"https:\/\/morivita.be\/fr\/wp-json\/wp\/v2\/product_brand?post=8775"},{"taxonomy":"product_cat","embeddable":true,"href":"https:\/\/morivita.be\/fr\/wp-json\/wp\/v2\/product_cat?post=8775"},{"taxonomy":"product_tag","embeddable":true,"href":"https:\/\/morivita.be\/fr\/wp-json\/wp\/v2\/product_tag?post=8775"}],"curies":[{"name":"wp","href":"https:\/\/api.w.org\/{rel}","templated":true}]}}