{"id":8786,"date":"2022-12-01T16:01:55","date_gmt":"2022-12-01T15:01:55","guid":{"rendered":"https:\/\/morivita.be\/?post_type=product&#038;p=8786"},"modified":"2023-04-24T09:24:45","modified_gmt":"2023-04-24T07:24:45","slug":"eco-urne-maison-cimetiere-mediterrannee","status":"publish","type":"product","link":"https:\/\/morivita.be\/fr\/produit\/eco-urne-maison-cimetiere-mediterrannee\/","title":{"rendered":"ECO Urne | Maison et Cimeti\u00e8re MEDITER"},"content":{"rendered":"","protected":false},"excerpt":{"rendered":"<p><strong>Eco urn &#8220;M\u00e9diterran\u00e9e&#8221;<\/strong><\/p>\n<p>Urnes \u00e9cologiques pour le stockage des cendres.<\/p>\n<p>Les urnes de stockage mod\u00e8le Mediterranea ou Lignum sont fabriqu\u00e9es \u00e0 partir d&#8217;un mat\u00e9riau \u00e9cologique d\u00e9riv\u00e9 de la lignine (un produit d\u00e9riv\u00e9 du bois), r\u00e9sistant, l\u00e9ger et durable.<\/p>\n<p><strong>Une remise suppl\u00e9mentaire est accord\u00e9e lors de la commande de plusieurs urnes de notre gamme.<\/strong><\/p>\n<p><strong>A l\u2019achat \u00e0 partir de 6 urnes \u2013 5% de remise !<\/strong><br \/>\n<strong>A l\u2019achat \u00e0 partir de 20 urnes \u2013 10% de remise !<\/strong><\/p>\n","protected":false},"featured_media":8704,"template":"","meta":{"_acf_changed":false},"product_brand":[],"product_cat":[331,407,295],"product_tag":[],"class_list":{"0":"post-8786","1":"product","2":"type-product","3":"status-publish","4":"has-post-thumbnail","6":"product_cat-eco-fr","7":"product_cat-urne-bio","8":"product_cat-urnes-fr","10":"first","11":"instock","12":"taxable","13":"shipping-taxable","14":"purchasable","15":"product-type-variable"},"acf":[],"_links":{"self":[{"href":"https:\/\/morivita.be\/fr\/wp-json\/wp\/v2\/product\/8786","targetHints":{"allow":["GET"]}}],"collection":[{"href":"https:\/\/morivita.be\/fr\/wp-json\/wp\/v2\/product"}],"about":[{"href":"https:\/\/morivita.be\/fr\/wp-json\/wp\/v2\/types\/product"}],"wp:featuredmedia":[{"embeddable":true,"href":"https:\/\/morivita.be\/fr\/wp-json\/wp\/v2\/media\/8704"}],"wp:attachment":[{"href":"https:\/\/morivita.be\/fr\/wp-json\/wp\/v2\/media?parent=8786"}],"wp:term":[{"taxonomy":"product_brand","embeddable":true,"href":"https:\/\/morivita.be\/fr\/wp-json\/wp\/v2\/product_brand?post=8786"},{"taxonomy":"product_cat","embeddable":true,"href":"https:\/\/morivita.be\/fr\/wp-json\/wp\/v2\/product_cat?post=8786"},{"taxonomy":"product_tag","embeddable":true,"href":"https:\/\/morivita.be\/fr\/wp-json\/wp\/v2\/product_tag?post=8786"}],"curies":[{"name":"wp","href":"https:\/\/api.w.org\/{rel}","templated":true}]}}