{"id":8798,"date":"2022-12-01T16:12:51","date_gmt":"2022-12-01T15:12:51","guid":{"rendered":"https:\/\/morivita.be\/?post_type=product&#038;p=8798"},"modified":"2022-12-06T09:43:30","modified_gmt":"2022-12-06T08:43:30","slug":"urne-en-verre-rouge-recylce-flamma","status":"publish","type":"product","link":"https:\/\/morivita.be\/fr\/produit\/urne-en-verre-rouge-recylce-flamma\/","title":{"rendered":"Urne en verre recycl\u00e9 | FLAMMA"},"content":{"rendered":"","protected":false},"excerpt":{"rendered":"<p><strong>Urne en verre recycl\u00e9 &#8220;Flamma&#8221;<\/strong><\/p>\n<p>L&#8217;urne de rangement Flamma est en verre recycl\u00e9. Sa bougie vierge en cire d&#8217;abeille pr\u00e9serve les cendres \u00e9ternellement, gardant vive la flamme du souvenir.<\/p>\n<p><strong>Une remise suppl\u00e9mentaire est accord\u00e9e lors de la commande de plusieurs urnes de notre gamme.<\/strong><\/p>\n<p><strong>A l\u2019achat \u00e0 partir de 6 urnes \u2013 5% de remise !<\/strong><br \/>\n<strong>A l\u2019achat \u00e0 partir de 20 urnes \u2013 10% de remise !<\/strong><\/p>\n","protected":false},"featured_media":8710,"template":"","meta":{"_acf_changed":false},"product_brand":[],"product_cat":[761,295],"product_tag":[],"class_list":{"0":"post-8798","1":"product","2":"type-product","3":"status-publish","4":"has-post-thumbnail","6":"product_cat-urne-en-verre","7":"product_cat-urnes-fr","9":"first","10":"instock","11":"taxable","12":"shipping-taxable","13":"purchasable","14":"product-type-simple"},"acf":[],"_links":{"self":[{"href":"https:\/\/morivita.be\/fr\/wp-json\/wp\/v2\/product\/8798","targetHints":{"allow":["GET"]}}],"collection":[{"href":"https:\/\/morivita.be\/fr\/wp-json\/wp\/v2\/product"}],"about":[{"href":"https:\/\/morivita.be\/fr\/wp-json\/wp\/v2\/types\/product"}],"wp:featuredmedia":[{"embeddable":true,"href":"https:\/\/morivita.be\/fr\/wp-json\/wp\/v2\/media\/8710"}],"wp:attachment":[{"href":"https:\/\/morivita.be\/fr\/wp-json\/wp\/v2\/media?parent=8798"}],"wp:term":[{"taxonomy":"product_brand","embeddable":true,"href":"https:\/\/morivita.be\/fr\/wp-json\/wp\/v2\/product_brand?post=8798"},{"taxonomy":"product_cat","embeddable":true,"href":"https:\/\/morivita.be\/fr\/wp-json\/wp\/v2\/product_cat?post=8798"},{"taxonomy":"product_tag","embeddable":true,"href":"https:\/\/morivita.be\/fr\/wp-json\/wp\/v2\/product_tag?post=8798"}],"curies":[{"name":"wp","href":"https:\/\/api.w.org\/{rel}","templated":true}]}}