{"id":8804,"date":"2022-12-01T16:17:49","date_gmt":"2022-12-01T15:17:49","guid":{"rendered":"https:\/\/morivita.be\/?post_type=product&#038;p=8804"},"modified":"2024-06-21T17:19:20","modified_gmt":"2024-06-21T15:19:20","slug":"marbre-urne-beige-ivoire-gris","status":"publish","type":"product","link":"https:\/\/morivita.be\/fr\/produit\/marbre-urne-beige-ivoire-gris\/","title":{"rendered":"Urne de MARBRE | Maison et Cimeti\u00e8re PIETRA"},"content":{"rendered":"<p>Urne de Marble.<\/p>\n","protected":false},"excerpt":{"rendered":"<p><strong>Urne de Marbre PIETRA<\/strong><\/p>\n<p>L&#8217;urne en marbre la plus l\u00e9g\u00e8re du march\u00e9 fabriqu\u00e9e selon un syst\u00e8me brevet\u00e9 qui obtient des parois de 6 mm d&#8217;\u00e9paisseur.<\/p>\n<p>Pi\u00e8ce artisanale unique en pierre naturelle polie.<\/p>\n<p>Deux couleurs disponibles : gris et ivoire<\/p>\n<p><strong>Une remise suppl\u00e9mentaire est accord\u00e9e lors de la commande de plusieurs urnes de notre gamme.<\/strong><\/p>\n<p>&nbsp;<\/p>\n","protected":false},"featured_media":8708,"template":"","meta":{"_acf_changed":false},"product_brand":[],"product_cat":[760,295],"product_tag":[],"class_list":{"0":"post-8804","1":"product","2":"type-product","3":"status-publish","4":"has-post-thumbnail","6":"product_cat-urne-en-marbre","7":"product_cat-urnes-fr","9":"first","10":"instock","11":"taxable","12":"shipping-taxable","13":"purchasable","14":"product-type-variable"},"acf":[],"_links":{"self":[{"href":"https:\/\/morivita.be\/fr\/wp-json\/wp\/v2\/product\/8804","targetHints":{"allow":["GET"]}}],"collection":[{"href":"https:\/\/morivita.be\/fr\/wp-json\/wp\/v2\/product"}],"about":[{"href":"https:\/\/morivita.be\/fr\/wp-json\/wp\/v2\/types\/product"}],"wp:featuredmedia":[{"embeddable":true,"href":"https:\/\/morivita.be\/fr\/wp-json\/wp\/v2\/media\/8708"}],"wp:attachment":[{"href":"https:\/\/morivita.be\/fr\/wp-json\/wp\/v2\/media?parent=8804"}],"wp:term":[{"taxonomy":"product_brand","embeddable":true,"href":"https:\/\/morivita.be\/fr\/wp-json\/wp\/v2\/product_brand?post=8804"},{"taxonomy":"product_cat","embeddable":true,"href":"https:\/\/morivita.be\/fr\/wp-json\/wp\/v2\/product_cat?post=8804"},{"taxonomy":"product_tag","embeddable":true,"href":"https:\/\/morivita.be\/fr\/wp-json\/wp\/v2\/product_tag?post=8804"}],"curies":[{"name":"wp","href":"https:\/\/api.w.org\/{rel}","templated":true}]}}