{"id":8878,"date":"2022-12-08T16:04:51","date_gmt":"2022-12-08T15:04:51","guid":{"rendered":"https:\/\/morivita.be\/non%20class\u00e9\/rose-funeraire-mini-urne-fleur-rose\/"},"modified":"2023-06-15T09:15:14","modified_gmt":"2023-06-15T07:15:14","slug":"crematie-roos-as-urne-in-de-vorm-van-een-roos-rose-funeraire-mini-urne-fleurs-rose","status":"publish","type":"product","link":"https:\/\/morivita.be\/fr\/produit\/crematie-roos-as-urne-in-de-vorm-van-een-roos-rose-funeraire-mini-urne-fleurs-rose\/","title":{"rendered":"Rose FUNERAIRE | Mini urne fleur rose"},"content":{"rendered":"<p><iframe width=\"560\" height=\"315\" src=\"https:\/\/www.youtube.com\/embed\/j-C52THN6BA\" title=\"YouTube video player\" frameborder=\"0\" allow=\"accelerometer; autoplay; clipboard-write; encrypted-media; gyroscope; picture-in-picture; web-share\" allowfullscreen=\"\"><\/iframe><\/p>\n","protected":false},"excerpt":{"rendered":"<p><em><strong>Rose FUNERAIRE | Mini urne fleur rose<\/strong><\/em><\/p>\n<p>Mini urne fleur rose.<\/p>\n<p>Les cendres peuvent \u00eatre stock\u00e9es dans cette rose. Un beau souvenir qui peut \u00eatre conserv\u00e9 \u00e0 la maison. Une belle alternative \u00e0 une urne, tr\u00e8s subtile et \u00e9l\u00e9gante. La rose est aussi un symbole de beaut\u00e9 et d\u2019amour.<\/p>\n<p>L\u2019urne \u00e0 fleurs est en acier inoxydable et ne se d\u00e9colore donc pas. Gr\u00e2ce \u00e0 la finition polie, la belle brillance est cr\u00e9\u00e9e.<\/p>\n<p>La mini urne rose a une taille de 23,5 cm. x 6,2 cm.<\/p>\n<p>Cette mini urne rose est disponible dans les couleurs argent, or rose, or, bleu, noir et multicolore.<\/p>\n<p>La chambre \u00e0 cendres est int\u00e9gr\u00e9e au c\u0153ur de la rose.<\/p>\n<p>Au moyen d\u2019un bouchon \u00e0 vis, vous pouvez remplir cette urne subtile avec un peu de cendres ou m\u00eame une touffe de cheveux de l\u2019\u00eatre cher d\u00e9c\u00e9d\u00e9.<\/p>\n<ul>\n<li>Acier inoxydable chirurgical<\/li>\n<li>Finition polie<\/li>\n<li>Ne d\u00e9colore pas<\/li>\n<li>Format \u00e9l\u00e9gant<\/li>\n<li>23,5 cm. x 6,2 cm.<\/li>\n<\/ul>\n","protected":false},"featured_media":8837,"template":"","meta":{"_acf_changed":false},"product_brand":[],"product_cat":[767],"product_tag":[],"class_list":{"0":"post-8878","1":"product","2":"type-product","3":"status-publish","4":"has-post-thumbnail","6":"product_cat-rose-funeraire-cremation","8":"first","9":"instock","10":"taxable","11":"shipping-taxable","12":"purchasable","13":"product-type-variable"},"acf":[],"_links":{"self":[{"href":"https:\/\/morivita.be\/fr\/wp-json\/wp\/v2\/product\/8878","targetHints":{"allow":["GET"]}}],"collection":[{"href":"https:\/\/morivita.be\/fr\/wp-json\/wp\/v2\/product"}],"about":[{"href":"https:\/\/morivita.be\/fr\/wp-json\/wp\/v2\/types\/product"}],"wp:featuredmedia":[{"embeddable":true,"href":"https:\/\/morivita.be\/fr\/wp-json\/wp\/v2\/media\/8837"}],"wp:attachment":[{"href":"https:\/\/morivita.be\/fr\/wp-json\/wp\/v2\/media?parent=8878"}],"wp:term":[{"taxonomy":"product_brand","embeddable":true,"href":"https:\/\/morivita.be\/fr\/wp-json\/wp\/v2\/product_brand?post=8878"},{"taxonomy":"product_cat","embeddable":true,"href":"https:\/\/morivita.be\/fr\/wp-json\/wp\/v2\/product_cat?post=8878"},{"taxonomy":"product_tag","embeddable":true,"href":"https:\/\/morivita.be\/fr\/wp-json\/wp\/v2\/product_tag?post=8878"}],"curies":[{"name":"wp","href":"https:\/\/api.w.org\/{rel}","templated":true}]}}