{"id":8995,"date":"2023-01-18T15:35:12","date_gmt":"2023-01-18T14:35:12","guid":{"rendered":"https:\/\/morivita.be\/?post_type=product&#038;p=8995"},"modified":"2023-01-23T16:47:07","modified_gmt":"2023-01-23T15:47:07","slug":"couvercle-de-transport-bleu-pour-civiere-de-relevage","status":"publish","type":"product","link":"https:\/\/morivita.be\/fr\/produit\/couvercle-de-transport-bleu-pour-civiere-de-relevage\/","title":{"rendered":"COUVERCLE DE TRANSPORT CIVIERE CUILLERE DE RELEVAGE | BLEU"},"content":{"rendered":"","protected":false},"excerpt":{"rendered":"<p>Cette housse de transport en toile robuste bleue est con\u00e7ue pour faciliter le rangement et le transport de la civi\u00e8re cuill\u00e8re de relevage.<\/p>\n<p>&nbsp;<\/p>\n","protected":false},"featured_media":8960,"template":"","meta":{"_acf_changed":false},"product_brand":[],"product_cat":[280,395,397,396,398,399],"product_tag":[],"class_list":{"0":"post-8995","1":"product","2":"type-product","3":"status-publish","4":"has-post-thumbnail","6":"product_cat-transport-fr","7":"product_cat-brancard-fr","8":"product_cat-brancard-normal","9":"product_cat-brancard-xl-fr","10":"product_cat-chariot-de-brancard","11":"product_cat-civiere-cuillere-de-relevage","13":"first","14":"instock","15":"taxable","16":"shipping-taxable","17":"purchasable","18":"product-type-simple"},"acf":[],"_links":{"self":[{"href":"https:\/\/morivita.be\/fr\/wp-json\/wp\/v2\/product\/8995","targetHints":{"allow":["GET"]}}],"collection":[{"href":"https:\/\/morivita.be\/fr\/wp-json\/wp\/v2\/product"}],"about":[{"href":"https:\/\/morivita.be\/fr\/wp-json\/wp\/v2\/types\/product"}],"wp:featuredmedia":[{"embeddable":true,"href":"https:\/\/morivita.be\/fr\/wp-json\/wp\/v2\/media\/8960"}],"wp:attachment":[{"href":"https:\/\/morivita.be\/fr\/wp-json\/wp\/v2\/media?parent=8995"}],"wp:term":[{"taxonomy":"product_brand","embeddable":true,"href":"https:\/\/morivita.be\/fr\/wp-json\/wp\/v2\/product_brand?post=8995"},{"taxonomy":"product_cat","embeddable":true,"href":"https:\/\/morivita.be\/fr\/wp-json\/wp\/v2\/product_cat?post=8995"},{"taxonomy":"product_tag","embeddable":true,"href":"https:\/\/morivita.be\/fr\/wp-json\/wp\/v2\/product_tag?post=8995"}],"curies":[{"name":"wp","href":"https:\/\/api.w.org\/{rel}","templated":true}]}}