{"id":8997,"date":"2023-01-18T16:06:06","date_gmt":"2023-01-18T15:06:06","guid":{"rendered":"https:\/\/morivita.be\/?post_type=product&#038;p=8997"},"modified":"2024-05-11T14:56:39","modified_gmt":"2024-05-11T12:56:39","slug":"brancard-pour-civiere","status":"publish","type":"product","link":"https:\/\/morivita.be\/fr\/produit\/brancard-pour-civiere\/","title":{"rendered":"BRANCARD POUR CIVIERE | MORIVITA"},"content":{"rendered":"<p>Nous recommandons le Stretcher noir dans cette combinaison ! Il se tient parfaitement droit lorsqu&#8217;il est utilis\u00e9. Ceci est d\u00fb au type de charni\u00e8re utilis\u00e9 par rapport aux brancards bleus.<\/p>\n<p>&nbsp;<\/p>\n<p style=\"text-align: center;\"><strong>Nous nous tenons \u00e0 votre disposition pour vous donner des conseils et des astuces !<\/strong><\/p>\n","protected":false},"excerpt":{"rendered":"<p>Cette civi\u00e8re en aluminium robuste est l&#8217;aide id\u00e9ale pour le transport du d\u00e9funt.<\/p>\n<p>Une bonne maniabilit\u00e9 est assur\u00e9e par deux roues pivotantes et deux fixes.<\/p>\n<p>Cette base peut facilement \u00eatre utilis\u00e9e en combinaison avec un brancard qui reposera sur le brancard entre 2 barres. Les pieds de la civi\u00e8re se placent derri\u00e8re les rails, de sorte que la civi\u00e8re reste bien en place, m\u00eame lorsqu&#8217;elle est plac\u00e9e \u00e0 la verticale, par exemple dans de petits ascenseurs.<\/p>\n<p>Le r\u00e9glage de la hauteur peut \u00eatre facilement effectu\u00e9 par une seule personne. Il est \u00e9quip\u00e9 d&#8217;un levier de chaque c\u00f4t\u00e9. A l&#8217;aide de ces poign\u00e9es, vous pouvez \u00e9lever le brancard \u00e0 diff\u00e9rentes hauteurs (hauteur du lit, au niveau du sol, &#8230;). Cette civi\u00e8re \u00e9conomique facilite le transport d&#8217;une personne d\u00e9c\u00e9d\u00e9e.<\/p>\n<p>Le brancard est \u00e9quip\u00e9 de 2 roulettes et de 2 roues fixes. Toutefois, pour plus de flexibilit\u00e9, il est possible de l&#8217;\u00e9quiper de roulettes sp\u00e9ciales pour obtenir en quelque sorte 4 roulettes. Cliquez ici et regardez <a href=\"https:\/\/www.youtube.com\/watch?v=_HvzbXGgI8U\">la vid\u00e9o<\/a> pour en voir l&#8217;effet.<\/p>\n","protected":false},"featured_media":9519,"template":"","meta":{"_acf_changed":false},"product_brand":[],"product_cat":[395,397,398],"product_tag":[],"class_list":{"0":"post-8997","1":"product","2":"type-product","3":"status-publish","4":"has-post-thumbnail","6":"product_cat-brancard-fr","7":"product_cat-brancard-normal","8":"product_cat-chariot-de-brancard","10":"first","11":"instock","12":"taxable","13":"shipping-taxable","14":"product-type-grouped"},"acf":[],"_links":{"self":[{"href":"https:\/\/morivita.be\/fr\/wp-json\/wp\/v2\/product\/8997","targetHints":{"allow":["GET"]}}],"collection":[{"href":"https:\/\/morivita.be\/fr\/wp-json\/wp\/v2\/product"}],"about":[{"href":"https:\/\/morivita.be\/fr\/wp-json\/wp\/v2\/types\/product"}],"wp:featuredmedia":[{"embeddable":true,"href":"https:\/\/morivita.be\/fr\/wp-json\/wp\/v2\/media\/9519"}],"wp:attachment":[{"href":"https:\/\/morivita.be\/fr\/wp-json\/wp\/v2\/media?parent=8997"}],"wp:term":[{"taxonomy":"product_brand","embeddable":true,"href":"https:\/\/morivita.be\/fr\/wp-json\/wp\/v2\/product_brand?post=8997"},{"taxonomy":"product_cat","embeddable":true,"href":"https:\/\/morivita.be\/fr\/wp-json\/wp\/v2\/product_cat?post=8997"},{"taxonomy":"product_tag","embeddable":true,"href":"https:\/\/morivita.be\/fr\/wp-json\/wp\/v2\/product_tag?post=8997"}],"curies":[{"name":"wp","href":"https:\/\/api.w.org\/{rel}","templated":true}]}}