{"id":8999,"date":"2023-01-18T16:54:07","date_gmt":"2023-01-18T15:54:07","guid":{"rendered":"https:\/\/morivita.be\/?post_type=product&#038;p=8999"},"modified":"2023-01-23T16:45:41","modified_gmt":"2023-01-23T15:45:41","slug":"body-lift-batterie","status":"publish","type":"product","link":"https:\/\/morivita.be\/fr\/produit\/body-lift-batterie\/","title":{"rendered":"BODY LIFT | BATTERIE"},"content":{"rendered":"","protected":false},"excerpt":{"rendered":"<p>Notre bodylift mobile vous permet, en tant que directeur de pompes fun\u00e8bres, de d\u00e9placer facilement les corps afin que vous puissiez prodiguer les soins n\u00e9cessaires.<\/p>\n<p>Ce bodylift dispose d&#8217;une batterie rechargeable, il n&#8217;est donc pas n\u00e9cessaire d&#8217;avoir une prise \u00e0 proximit\u00e9 et il peut facilement \u00eatre emport\u00e9 n&#8217;importe o\u00f9.<\/p>\n<p>1 personne peut d\u00e9placer un corps avec ce body lift mobile.<\/p>\n","protected":false},"featured_media":8944,"template":"","meta":{"_acf_changed":false},"product_brand":[],"product_cat":[280,779,283,267,294,381,421],"product_tag":[],"class_list":{"0":"post-8999","1":"product","2":"type-product","3":"status-publish","4":"has-post-thumbnail","6":"product_cat-transport-fr","7":"product_cat-body-lift-fr","8":"product_cat-chariots-elevateurs","9":"product_cat-opbaring-fr","10":"product_cat-soins","11":"product_cat-table-d-autopsie","12":"product_cat-table-dautopsie","14":"first","15":"instock","16":"taxable","17":"shipping-taxable","18":"purchasable","19":"product-type-simple"},"acf":[],"_links":{"self":[{"href":"https:\/\/morivita.be\/fr\/wp-json\/wp\/v2\/product\/8999","targetHints":{"allow":["GET"]}}],"collection":[{"href":"https:\/\/morivita.be\/fr\/wp-json\/wp\/v2\/product"}],"about":[{"href":"https:\/\/morivita.be\/fr\/wp-json\/wp\/v2\/types\/product"}],"wp:featuredmedia":[{"embeddable":true,"href":"https:\/\/morivita.be\/fr\/wp-json\/wp\/v2\/media\/8944"}],"wp:attachment":[{"href":"https:\/\/morivita.be\/fr\/wp-json\/wp\/v2\/media?parent=8999"}],"wp:term":[{"taxonomy":"product_brand","embeddable":true,"href":"https:\/\/morivita.be\/fr\/wp-json\/wp\/v2\/product_brand?post=8999"},{"taxonomy":"product_cat","embeddable":true,"href":"https:\/\/morivita.be\/fr\/wp-json\/wp\/v2\/product_cat?post=8999"},{"taxonomy":"product_tag","embeddable":true,"href":"https:\/\/morivita.be\/fr\/wp-json\/wp\/v2\/product_tag?post=8999"}],"curies":[{"name":"wp","href":"https:\/\/api.w.org\/{rel}","templated":true}]}}