{"id":9094,"date":"2023-04-20T16:11:23","date_gmt":"2023-04-20T14:11:23","guid":{"rendered":"https:\/\/morivita.be\/?post_type=product&#038;p=9094"},"modified":"2023-06-15T09:09:58","modified_gmt":"2023-06-15T07:09:58","slug":"porte-cles-de-cremation-pierre-turquoise","status":"publish","type":"product","link":"https:\/\/morivita.be\/fr\/produit\/porte-cles-de-cremation-pierre-turquoise\/","title":{"rendered":"Porte-Cl\u00e9s de Cr\u00e9mation | Pierre Turquoise"},"content":{"rendered":"","protected":false},"excerpt":{"rendered":"<p><b><i>Porte-cl\u00e9s pour conserver les cendres des proches d\u00e9c\u00e9d\u00e9s.<\/i><\/b><\/p>\n<p>Ce porte-cl\u00e9s est \u00e9galement disponible dans d&#8217;autres couleurs.<\/p>\n<p>N&#8217;h\u00e9sitez pas \u00e0 nous contacter pour plus d&#8217;informations.<\/p>\n<p>&nbsp;<\/p>\n","protected":false},"featured_media":9037,"template":"","meta":{"_acf_changed":false},"product_brand":[],"product_cat":[783],"product_tag":[],"class_list":{"0":"post-9094","1":"product","2":"type-product","3":"status-publish","4":"has-post-thumbnail","6":"product_cat-porte-cles-de-cremation","8":"first","9":"instock","10":"taxable","11":"shipping-taxable","12":"purchasable","13":"product-type-simple"},"acf":[],"_links":{"self":[{"href":"https:\/\/morivita.be\/fr\/wp-json\/wp\/v2\/product\/9094","targetHints":{"allow":["GET"]}}],"collection":[{"href":"https:\/\/morivita.be\/fr\/wp-json\/wp\/v2\/product"}],"about":[{"href":"https:\/\/morivita.be\/fr\/wp-json\/wp\/v2\/types\/product"}],"wp:featuredmedia":[{"embeddable":true,"href":"https:\/\/morivita.be\/fr\/wp-json\/wp\/v2\/media\/9037"}],"wp:attachment":[{"href":"https:\/\/morivita.be\/fr\/wp-json\/wp\/v2\/media?parent=9094"}],"wp:term":[{"taxonomy":"product_brand","embeddable":true,"href":"https:\/\/morivita.be\/fr\/wp-json\/wp\/v2\/product_brand?post=9094"},{"taxonomy":"product_cat","embeddable":true,"href":"https:\/\/morivita.be\/fr\/wp-json\/wp\/v2\/product_cat?post=9094"},{"taxonomy":"product_tag","embeddable":true,"href":"https:\/\/morivita.be\/fr\/wp-json\/wp\/v2\/product_tag?post=9094"}],"curies":[{"name":"wp","href":"https:\/\/api.w.org\/{rel}","templated":true}]}}