{"id":9142,"date":"2023-04-24T15:27:09","date_gmt":"2023-04-24T13:27:09","guid":{"rendered":"https:\/\/morivita.be\/?post_type=product&#038;p=9142"},"modified":"2023-06-15T08:56:14","modified_gmt":"2023-06-15T06:56:14","slug":"pendentif-de-cremation-croix","status":"publish","type":"product","link":"https:\/\/morivita.be\/fr\/produit\/pendentif-de-cremation-croix\/","title":{"rendered":"Pendentif de Cr\u00e9mation | Croix"},"content":{"rendered":"","protected":false},"excerpt":{"rendered":"<p><b><i>Beau pendentif de cr\u00e9mation avec cha\u00eene<\/i><\/b><\/p>\n<p>Nous avons diff\u00e9rent pendentif de cr\u00e9mation disponible.<\/p>\n<p>N&#8217;h\u00e9sitez pas \u00e0 nous contacter pour plus d&#8217;informations.<\/p>\n<p>&nbsp;<\/p>\n","protected":false},"featured_media":9114,"template":"","meta":{"_acf_changed":false},"product_brand":[],"product_cat":[646],"product_tag":[],"class_list":{"0":"post-9142","1":"product","2":"type-product","3":"status-publish","4":"has-post-thumbnail","6":"product_cat-pendentif-de-cremation","8":"first","9":"instock","10":"taxable","11":"shipping-taxable","12":"purchasable","13":"product-type-simple"},"acf":[],"_links":{"self":[{"href":"https:\/\/morivita.be\/fr\/wp-json\/wp\/v2\/product\/9142","targetHints":{"allow":["GET"]}}],"collection":[{"href":"https:\/\/morivita.be\/fr\/wp-json\/wp\/v2\/product"}],"about":[{"href":"https:\/\/morivita.be\/fr\/wp-json\/wp\/v2\/types\/product"}],"wp:featuredmedia":[{"embeddable":true,"href":"https:\/\/morivita.be\/fr\/wp-json\/wp\/v2\/media\/9114"}],"wp:attachment":[{"href":"https:\/\/morivita.be\/fr\/wp-json\/wp\/v2\/media?parent=9142"}],"wp:term":[{"taxonomy":"product_brand","embeddable":true,"href":"https:\/\/morivita.be\/fr\/wp-json\/wp\/v2\/product_brand?post=9142"},{"taxonomy":"product_cat","embeddable":true,"href":"https:\/\/morivita.be\/fr\/wp-json\/wp\/v2\/product_cat?post=9142"},{"taxonomy":"product_tag","embeddable":true,"href":"https:\/\/morivita.be\/fr\/wp-json\/wp\/v2\/product_tag?post=9142"}],"curies":[{"name":"wp","href":"https:\/\/api.w.org\/{rel}","templated":true}]}}