{"id":9248,"date":"2023-05-02T13:15:43","date_gmt":"2023-05-02T11:15:43","guid":{"rendered":"https:\/\/morivita.be\/?post_type=product&#038;p=9248"},"modified":"2023-06-15T08:52:43","modified_gmt":"2023-06-15T06:52:43","slug":"bracelet-de-cremation-bracelet-en-metal-noir-et-argent","status":"publish","type":"product","link":"https:\/\/morivita.be\/fr\/produit\/bracelet-de-cremation-bracelet-en-metal-noir-et-argent\/","title":{"rendered":"Bracelet de Cr\u00e9mation | Bracelet en m\u00e9tal noir et argent"},"content":{"rendered":"","protected":false},"excerpt":{"rendered":"<p><b><i>Beau bracelet de cr\u00e9mation pour garder les cendres de vos proches.<\/i><\/b><\/p>\n<p>Nous avons diff\u00e9rents mod\u00e8les.<\/p>\n<p>N&#8217;h\u00e9sitez pas \u00e0 nous contacter pour plus d&#8217;informations.<\/p>\n","protected":false},"featured_media":9318,"template":"","meta":{"_acf_changed":false},"product_brand":[],"product_cat":[585],"product_tag":[],"class_list":{"0":"post-9248","1":"product","2":"type-product","3":"status-publish","4":"has-post-thumbnail","6":"product_cat-bracelet-de-cremation","8":"first","9":"instock","10":"taxable","11":"shipping-taxable","12":"purchasable","13":"product-type-simple"},"acf":[],"_links":{"self":[{"href":"https:\/\/morivita.be\/fr\/wp-json\/wp\/v2\/product\/9248","targetHints":{"allow":["GET"]}}],"collection":[{"href":"https:\/\/morivita.be\/fr\/wp-json\/wp\/v2\/product"}],"about":[{"href":"https:\/\/morivita.be\/fr\/wp-json\/wp\/v2\/types\/product"}],"wp:featuredmedia":[{"embeddable":true,"href":"https:\/\/morivita.be\/fr\/wp-json\/wp\/v2\/media\/9318"}],"wp:attachment":[{"href":"https:\/\/morivita.be\/fr\/wp-json\/wp\/v2\/media?parent=9248"}],"wp:term":[{"taxonomy":"product_brand","embeddable":true,"href":"https:\/\/morivita.be\/fr\/wp-json\/wp\/v2\/product_brand?post=9248"},{"taxonomy":"product_cat","embeddable":true,"href":"https:\/\/morivita.be\/fr\/wp-json\/wp\/v2\/product_cat?post=9248"},{"taxonomy":"product_tag","embeddable":true,"href":"https:\/\/morivita.be\/fr\/wp-json\/wp\/v2\/product_tag?post=9248"}],"curies":[{"name":"wp","href":"https:\/\/api.w.org\/{rel}","templated":true}]}}