{"id":9256,"date":"2023-05-10T13:10:51","date_gmt":"2023-05-10T11:10:51","guid":{"rendered":"https:\/\/morivita.be\/?post_type=product&#038;p=9256"},"modified":"2023-06-15T08:51:42","modified_gmt":"2023-06-15T06:51:42","slug":"bijoux-de-cremation","status":"publish","type":"product","link":"https:\/\/morivita.be\/fr\/produit\/bijoux-de-cremation\/","title":{"rendered":"Bijoux de Cr\u00e9mation"},"content":{"rendered":"<p><iframe title=\"YouTube video player\" src=\"https:\/\/www.youtube.com\/embed\/EHsGuwJsCUY\" width=\"560\" height=\"315\" frameborder=\"0\" allowfullscreen=\"allowfullscreen\"><\/iframe><\/p>\n","protected":false},"excerpt":{"rendered":"<p><b><i>D\u00e9couvrez notre belle collection &#8220;Bijoux de Cr\u00e9mation&#8221;.<\/i><\/b><\/p>\n<p>Nous avons diff\u00e9rents mod\u00e8les par cat\u00e9gorie.<\/p>\n<p>Cliquez sur l&#8217;image pour les d\u00e9couvrir.<\/p>\n<p>We hebben mooie<em><strong><a href=\"https:\/\/morivita.be\/assieraden-armand-as\/\">Bracelet de Cr\u00e9mation<\/a>, <a href=\"https:\/\/morivita.be\/as-hanger\/\">Pendentif de Cr\u00e9mation<\/a>,<a href=\"https:\/\/morivita.be\/as-sleutelhanger\/\">Porte-cl\u00e9s de Cr\u00e9mation<\/a> et <a href=\"https:\/\/morivita.be\/crematie-roos-2\/\">Rose Fun\u00e9raire<\/a>.<\/strong><\/em><\/p>\n<p>N&#8217;h\u00e9sitez pas \u00e0 nous contacter pour plus d&#8217;informations.<\/p>\n<p><a href=\"https:\/\/morivita.be\/assieraden-armand-as\/\"><img decoding=\"async\" class=\"alignnone wp-image-9218\" src=\"https:\/\/morivita.be\/wp-content\/uploads\/2023\/05\/Morivita-Mooie-stainless-steel-armband-voor-assen-met-slot-5-300x300.jpg\" alt=\"Morivita - Bijoux de cr\u00e9mation - Pendetif de cr\u00e9mation - bracelet de cr\u00e9mation - rose funeraire\" width=\"200\" height=\"200\" srcset=\"https:\/\/morivita.be\/wp-content\/uploads\/2023\/05\/Morivita-Mooie-stainless-steel-armband-voor-assen-met-slot-5-300x300.jpg 300w, https:\/\/morivita.be\/wp-content\/uploads\/2023\/05\/Morivita-Mooie-stainless-steel-armband-voor-assen-met-slot-5-150x150.jpg 150w, https:\/\/morivita.be\/wp-content\/uploads\/2023\/05\/Morivita-Mooie-stainless-steel-armband-voor-assen-met-slot-5-768x768.jpg 768w, https:\/\/morivita.be\/wp-content\/uploads\/2023\/05\/Morivita-Mooie-stainless-steel-armband-voor-assen-met-slot-5-600x600.jpg 600w, https:\/\/morivita.be\/wp-content\/uploads\/2023\/05\/Morivita-Mooie-stainless-steel-armband-voor-assen-met-slot-5-100x100.jpg 100w, https:\/\/morivita.be\/wp-content\/uploads\/2023\/05\/Morivita-Mooie-stainless-steel-armband-voor-assen-met-slot-5.jpg 1000w\" sizes=\"(max-width: 200px) 100vw, 200px\" \/><\/a> <a href=\"https:\/\/morivita.be\/as-hanger\/\"><img decoding=\"async\" class=\"alignnone wp-image-9129\" src=\"https:\/\/morivita.be\/wp-content\/uploads\/2023\/04\/Morivita-As-hangers-van-stainless-steel-Hartje-met-steentje-bij-2-300x300.jpg\" alt=\"\" width=\"200\" height=\"200\" srcset=\"https:\/\/morivita.be\/wp-content\/uploads\/2023\/04\/Morivita-As-hangers-van-stainless-steel-Hartje-met-steentje-bij-2-300x300.jpg 300w, https:\/\/morivita.be\/wp-content\/uploads\/2023\/04\/Morivita-As-hangers-van-stainless-steel-Hartje-met-steentje-bij-2-150x150.jpg 150w, https:\/\/morivita.be\/wp-content\/uploads\/2023\/04\/Morivita-As-hangers-van-stainless-steel-Hartje-met-steentje-bij-2-768x768.jpg 768w, https:\/\/morivita.be\/wp-content\/uploads\/2023\/04\/Morivita-As-hangers-van-stainless-steel-Hartje-met-steentje-bij-2-600x600.jpg 600w, https:\/\/morivita.be\/wp-content\/uploads\/2023\/04\/Morivita-As-hangers-van-stainless-steel-Hartje-met-steentje-bij-2-100x100.jpg 100w, https:\/\/morivita.be\/wp-content\/uploads\/2023\/04\/Morivita-As-hangers-van-stainless-steel-Hartje-met-steentje-bij-2.jpg 1000w\" sizes=\"(max-width: 200px) 100vw, 200px\" \/><\/a> <a href=\"https:\/\/morivita.be\/as-sleutelhanger\/\"><img decoding=\"async\" class=\"alignnone wp-image-9030\" src=\"https:\/\/morivita.be\/wp-content\/uploads\/2023\/04\/Morivita-as-sleutelhanger-turkoois-steen-2-300x300.jpg\" alt=\"Morivita - Porte-cl\u00e9s avec pierre in turquoise - Bijoux de cr\u00e9mation\" width=\"200\" height=\"200\" srcset=\"https:\/\/morivita.be\/wp-content\/uploads\/2023\/04\/Morivita-as-sleutelhanger-turkoois-steen-2-300x300.jpg 300w, https:\/\/morivita.be\/wp-content\/uploads\/2023\/04\/Morivita-as-sleutelhanger-turkoois-steen-2-150x150.jpg 150w, https:\/\/morivita.be\/wp-content\/uploads\/2023\/04\/Morivita-as-sleutelhanger-turkoois-steen-2-768x768.jpg 768w, https:\/\/morivita.be\/wp-content\/uploads\/2023\/04\/Morivita-as-sleutelhanger-turkoois-steen-2-600x600.jpg 600w, https:\/\/morivita.be\/wp-content\/uploads\/2023\/04\/Morivita-as-sleutelhanger-turkoois-steen-2-100x100.jpg 100w, https:\/\/morivita.be\/wp-content\/uploads\/2023\/04\/Morivita-as-sleutelhanger-turkoois-steen-2.jpg 1000w\" sizes=\"(max-width: 200px) 100vw, 200px\" \/><\/a>  <a href=\"https:\/\/morivita.be\/crematie-roos-2\/\"><img loading=\"lazy\" decoding=\"async\" class=\"alignnone wp-image-8824\" src=\"https:\/\/morivita.be\/wp-content\/uploads\/2022\/12\/Morivita-crematie-roos-in-verschillende-kleuren-300x300.jpg\" alt=\"Morivita - urne fun\u00e9raire en forme de rose de diff\u00e9rentes couleurs\" width=\"200\" height=\"200\" srcset=\"https:\/\/morivita.be\/wp-content\/uploads\/2022\/12\/Morivita-crematie-roos-in-verschillende-kleuren-300x300.jpg 300w, https:\/\/morivita.be\/wp-content\/uploads\/2022\/12\/Morivita-crematie-roos-in-verschillende-kleuren-150x150.jpg 150w, https:\/\/morivita.be\/wp-content\/uploads\/2022\/12\/Morivita-crematie-roos-in-verschillende-kleuren-768x768.jpg 768w, https:\/\/morivita.be\/wp-content\/uploads\/2022\/12\/Morivita-crematie-roos-in-verschillende-kleuren-600x600.jpg 600w, https:\/\/morivita.be\/wp-content\/uploads\/2022\/12\/Morivita-crematie-roos-in-verschillende-kleuren-100x100.jpg 100w, https:\/\/morivita.be\/wp-content\/uploads\/2022\/12\/Morivita-crematie-roos-in-verschillende-kleuren.jpg 1000w\" sizes=\"(max-width: 200px) 100vw, 200px\" \/><\/a><\/p>\n","protected":false},"featured_media":9159,"template":"","meta":{"_acf_changed":false},"product_brand":[],"product_cat":[584],"product_tag":[],"class_list":{"0":"post-9256","1":"product","2":"type-product","3":"status-publish","4":"has-post-thumbnail","6":"product_cat-cremation-jewelry-bijoux","8":"first","9":"instock","10":"taxable","11":"shipping-taxable","12":"purchasable","13":"product-type-simple"},"acf":[],"_links":{"self":[{"href":"https:\/\/morivita.be\/fr\/wp-json\/wp\/v2\/product\/9256","targetHints":{"allow":["GET"]}}],"collection":[{"href":"https:\/\/morivita.be\/fr\/wp-json\/wp\/v2\/product"}],"about":[{"href":"https:\/\/morivita.be\/fr\/wp-json\/wp\/v2\/types\/product"}],"wp:featuredmedia":[{"embeddable":true,"href":"https:\/\/morivita.be\/fr\/wp-json\/wp\/v2\/media\/9159"}],"wp:attachment":[{"href":"https:\/\/morivita.be\/fr\/wp-json\/wp\/v2\/media?parent=9256"}],"wp:term":[{"taxonomy":"product_brand","embeddable":true,"href":"https:\/\/morivita.be\/fr\/wp-json\/wp\/v2\/product_brand?post=9256"},{"taxonomy":"product_cat","embeddable":true,"href":"https:\/\/morivita.be\/fr\/wp-json\/wp\/v2\/product_cat?post=9256"},{"taxonomy":"product_tag","embeddable":true,"href":"https:\/\/morivita.be\/fr\/wp-json\/wp\/v2\/product_tag?post=9256"}],"curies":[{"name":"wp","href":"https:\/\/api.w.org\/{rel}","templated":true}]}}