{"id":9336,"date":"2023-06-21T14:45:40","date_gmt":"2023-06-21T12:45:40","guid":{"rendered":"https:\/\/morivita.be\/?post_type=product&#038;p=9336"},"modified":"2023-06-21T15:22:13","modified_gmt":"2023-06-21T13:22:13","slug":"urnes-bio-sable-comment-ca-marche-regardez-les-videos-ici","status":"publish","type":"product","link":"https:\/\/morivita.be\/fr\/produit\/urnes-bio-sable-comment-ca-marche-regardez-les-videos-ici\/","title":{"rendered":"Urnes Bio Sable | Comment \u00e7a marche | Regardez les vid\u00e9os ici"},"content":{"rendered":"<p><iframe title=\"YouTube video player\" src=\"https:\/\/www.youtube.com\/embed\/sPk2pIOEYa8\" width=\"560\" height=\"315\" frameborder=\"0\" allowfullscreen=\"allowfullscreen\"><span data-mce-type=\"bookmark\" style=\"display: inline-block; width: 0px; overflow: hidden; line-height: 0;\" class=\"mce_SELRES_start\"><\/span><\/iframe><\/p>\n<p><iframe title=\"YouTube video player\" src=\"https:\/\/www.youtube.com\/embed\/UKc-uRlUMfI\" width=\"560\" height=\"315\" frameborder=\"0\" allowfullscreen=\"allowfullscreen\"><\/iframe><\/p>\n<p><iframe title=\"YouTube video player\" src=\"https:\/\/www.youtube.com\/embed\/Xz8Fl1hTEms\" width=\"560\" height=\"315\" frameborder=\"0\" allowfullscreen=\"allowfullscreen\"><\/iframe><\/p>\n","protected":false},"excerpt":{"rendered":"<p><a href=\"https:\/\/morivita.be\/urnen\/bio-zandurnen\/\"><em><strong>Notre belle gamme d&#8217;urnes Bio \u00e0 Sable et Sel<\/strong><\/em><\/a><\/p>\n<p>Ces urnes BIO sont fabriqu\u00e9es \u00e0 la main et sont enti\u00e8rement fabriqu\u00e9es \u00e0 partir de mat\u00e9riaux naturels et biod\u00e9gradables, qui se d\u00e9composent naturellement et sont restitu\u00e9s \u00e0 la nature dans les zones c\u00f4ti\u00e8res ou dans la mer. Les urnes BIO sont compos\u00e9es uniquement de sable ou de sel et de liants v\u00e9g\u00e9taux. Les urnes sont faites uniquement de sable ou de sel et de liants v\u00e9g\u00e9taux.<\/p>\n<p>Vous pouvez \u00e9galement les voir dans notre salle d&#8217;exposition ou nous vous rendrons visite avec un certain nombre d&#8217;exemplaires.<\/p>\n<p><a href=\"https:\/\/morivita.be\/urnen\/bio-zandurnen\/\"><em><strong>N&#8217;h\u00e9sitez pas \u00e0 nous contacter si vous souhaitez plus d&#8217;informations !<\/strong><\/em><\/a><\/p>\n","protected":false},"featured_media":9328,"template":"","meta":{"_acf_changed":false},"product_brand":[],"product_cat":[331,407,295,762,759],"product_tag":[],"class_list":{"0":"post-9336","1":"product","2":"type-product","3":"status-publish","4":"has-post-thumbnail","6":"product_cat-eco-fr","7":"product_cat-urne-bio","8":"product_cat-urnes-fr","9":"product_cat-urnes-a-sable","10":"product_cat-urnes-pour-animaux","12":"first","13":"instock","14":"taxable","15":"shipping-taxable","16":"purchasable","17":"product-type-simple"},"acf":[],"_links":{"self":[{"href":"https:\/\/morivita.be\/fr\/wp-json\/wp\/v2\/product\/9336","targetHints":{"allow":["GET"]}}],"collection":[{"href":"https:\/\/morivita.be\/fr\/wp-json\/wp\/v2\/product"}],"about":[{"href":"https:\/\/morivita.be\/fr\/wp-json\/wp\/v2\/types\/product"}],"wp:featuredmedia":[{"embeddable":true,"href":"https:\/\/morivita.be\/fr\/wp-json\/wp\/v2\/media\/9328"}],"wp:attachment":[{"href":"https:\/\/morivita.be\/fr\/wp-json\/wp\/v2\/media?parent=9336"}],"wp:term":[{"taxonomy":"product_brand","embeddable":true,"href":"https:\/\/morivita.be\/fr\/wp-json\/wp\/v2\/product_brand?post=9336"},{"taxonomy":"product_cat","embeddable":true,"href":"https:\/\/morivita.be\/fr\/wp-json\/wp\/v2\/product_cat?post=9336"},{"taxonomy":"product_tag","embeddable":true,"href":"https:\/\/morivita.be\/fr\/wp-json\/wp\/v2\/product_tag?post=9336"}],"curies":[{"name":"wp","href":"https:\/\/api.w.org\/{rel}","templated":true}]}}