{"id":9369,"date":"2023-07-04T10:09:28","date_gmt":"2023-07-04T08:09:28","guid":{"rendered":"https:\/\/morivita.be\/?post_type=product&#038;p=9369"},"modified":"2023-07-04T13:39:59","modified_gmt":"2023-07-04T11:39:59","slug":"mentonniere","status":"publish","type":"product","link":"https:\/\/morivita.be\/fr\/produit\/mentonniere\/","title":{"rendered":"Mentionni\u00e8re"},"content":{"rendered":"","protected":false},"excerpt":{"rendered":"<p><em><strong>NorMors Mentionni\u00e8res<\/strong><\/em><\/p>\n<p>Les mentonni\u00e8res offrent un bon soutien pour la t\u00eate gr\u00e2ce \u00e0 leur bon ajustement et peuvent \u00e9galement \u00eatre facilement recouvertes de v\u00eatements.<\/p>\n<p>Ces mentonni\u00e8res sont disponibles en tailles M et L et sont conditionn\u00e9es par 10 dans une bo\u00eete.<\/p>\n","protected":false},"featured_media":9365,"template":"","meta":{"_acf_changed":false},"product_brand":[],"product_cat":[785,289,294,423],"product_tag":[],"class_list":{"0":"post-9369","1":"product","2":"type-product","3":"status-publish","4":"has-post-thumbnail","6":"product_cat-mentionniere","7":"product_cat-materiel-hygienique","8":"product_cat-soins","9":"product_cat-soins-de-corps","11":"first","12":"instock","13":"taxable","14":"shipping-taxable","15":"purchasable","16":"product-type-variable"},"acf":[],"_links":{"self":[{"href":"https:\/\/morivita.be\/fr\/wp-json\/wp\/v2\/product\/9369","targetHints":{"allow":["GET"]}}],"collection":[{"href":"https:\/\/morivita.be\/fr\/wp-json\/wp\/v2\/product"}],"about":[{"href":"https:\/\/morivita.be\/fr\/wp-json\/wp\/v2\/types\/product"}],"wp:featuredmedia":[{"embeddable":true,"href":"https:\/\/morivita.be\/fr\/wp-json\/wp\/v2\/media\/9365"}],"wp:attachment":[{"href":"https:\/\/morivita.be\/fr\/wp-json\/wp\/v2\/media?parent=9369"}],"wp:term":[{"taxonomy":"product_brand","embeddable":true,"href":"https:\/\/morivita.be\/fr\/wp-json\/wp\/v2\/product_brand?post=9369"},{"taxonomy":"product_cat","embeddable":true,"href":"https:\/\/morivita.be\/fr\/wp-json\/wp\/v2\/product_cat?post=9369"},{"taxonomy":"product_tag","embeddable":true,"href":"https:\/\/morivita.be\/fr\/wp-json\/wp\/v2\/product_tag?post=9369"}],"curies":[{"name":"wp","href":"https:\/\/api.w.org\/{rel}","templated":true}]}}