{"id":9517,"date":"2023-11-19T11:52:43","date_gmt":"2023-11-19T10:52:43","guid":{"rendered":"https:\/\/morivita.be\/non class\u00e9\/cric-a-batterie-avec-2-roulettes-pivotantes-chariot-de-transport\/"},"modified":"2023-11-19T11:52:43","modified_gmt":"2023-11-19T10:52:43","slug":"jack-avec-batterie","status":"publish","type":"product","link":"https:\/\/morivita.be\/fr\/produit\/jack-avec-batterie\/","title":{"rendered":"Cric \u00e0 batterie avec 2 roulettes pivotantes | Chariot de transport"},"content":{"rendered":"<p><iframe title=\"Spencer Power Jack - Battery Powered Coffin Lifter With 350 Kg Loading Capacity\" width=\"800\" height=\"450\" src=\"https:\/\/www.youtube.com\/embed\/PaRL4RmmkpU?feature=oembed\" frameborder=\"0\" allow=\"accelerometer; autoplay; clipboard-write; encrypted-media; gyroscope; picture-in-picture; web-share\" allowfullscreen><\/iframe><\/p>\n","protected":false},"excerpt":{"rendered":"<p>Ce Spencer Jack \u00e0 piles est un \u00e9l\u00e9vateur de bo\u00eetes compact en acier inoxydable fonctionnant sur piles. Son poids total n&#8217;est que de 30 kg, mais sa g\u00e9om\u00e9trie verticale lui permet de<strong> soulever jusqu&#8217;\u00e0 350 kg.<\/strong><\/p>\n<p>Le POWER JACK-E ou simplement Jack sur batterie est l&#8217;une des solutions les plus avanc\u00e9es pour les entreprises de pompes fun\u00e8bres, les morgues et les gestionnaires de cimeti\u00e8res pour deux raisons : il est extr\u00eamement durable et peut \u00eatre utilis\u00e9 par une seule personne avec peu ou pas d&#8217;effort.<\/p>\n<p>Cette version vient s&#8217;ajouter aux versions bien connues qui peuvent \u00eatre actionn\u00e9es par une pompe \u00e0 pied (toutes deux <a href=\"https:\/\/morivita.be\/product\/transportwagen-jack-2vastewielen-2zwenkende\/\">avec 2<\/a> et <a href=\"https:\/\/morivita.be\/product\/transportwagen-jack-met-4-zwenkende-wielen\/\">4 roulettes<\/a>). Avec cette version, cependant, comme indiqu\u00e9, il suffit d&#8217;appuyer sur un bouton avec le pied pour que le v\u00e9rin monte et descende automatiquement. Il n&#8217;y a donc plus de mouvements difficiles et fatigants, et il n&#8217;a jamais \u00e9t\u00e9 aussi facile de travailler avec lui<\/p>\n<ul>\n<li>Hauteur r\u00e9glable par moteur \u00e0 piles<\/li>\n<li>\u00c9quip\u00e9 de 2 roulettes pivotantes<\/li>\n<li>Fonctionnement avec un pied via des boutons.<\/li>\n<\/ul>\n<p>&nbsp;<\/p>\n<p>Ne manquez pas non plus de regarder la vid\u00e9o du produit publi\u00e9e par Spencer lui-m\u00eame !<\/p>\n<p><strong>Egalement disponible avec 4 roulettes !!! Contactez-nous d\u00e8s aujourd&#8217;hui pour plus d&#8217;informations et des prix pr\u00e9cis ! <\/strong><\/p>\n<p>&nbsp;<\/p>\n<p>La batterie Jack on se compose des \u00e9l\u00e9ments suivants :<\/p>\n<ol>\n<li>Rouleau r\u00e9glable pour am\u00e9liorer le glissement de la bo\u00eete.<\/li>\n<li>Coussins de soutien.<\/li>\n<li>Cadre en acier inoxydable.<\/li>\n<li>Roues avant pivotantes avec frein.<\/li>\n<li>P\u00e9dale pour r\u00e9gler la hauteur de l&#8217;appareil<\/li>\n<li>Arr\u00eat automatique (15 minutes).<\/li>\n<li>Roues avant d&#8217;un diam\u00e8tre de 200 mm (7,87 pouces).<\/li>\n<li>Roues arri\u00e8re de 250 mm de diam\u00e8tre pour une meilleure man\u0153uvrabilit\u00e9 sur les terrains difficiles.<\/li>\n<\/ol>\n<p>&nbsp;<\/p>\n","protected":false},"featured_media":9512,"template":"","meta":{"_acf_changed":false},"product_brand":[],"product_cat":[281,282,280,401],"product_tag":[],"class_list":{"0":"post-9517","1":"product","2":"type-product","3":"status-publish","4":"has-post-thumbnail","6":"product_cat-chariots","7":"product_cat-jack-fr","8":"product_cat-transport-fr","9":"product_cat-chariot-pour-cercueils","11":"first","12":"onbackorder","13":"taxable","14":"shipping-taxable","15":"purchasable","16":"product-type-simple"},"acf":[],"_links":{"self":[{"href":"https:\/\/morivita.be\/fr\/wp-json\/wp\/v2\/product\/9517","targetHints":{"allow":["GET"]}}],"collection":[{"href":"https:\/\/morivita.be\/fr\/wp-json\/wp\/v2\/product"}],"about":[{"href":"https:\/\/morivita.be\/fr\/wp-json\/wp\/v2\/types\/product"}],"wp:featuredmedia":[{"embeddable":true,"href":"https:\/\/morivita.be\/fr\/wp-json\/wp\/v2\/media\/9512"}],"wp:attachment":[{"href":"https:\/\/morivita.be\/fr\/wp-json\/wp\/v2\/media?parent=9517"}],"wp:term":[{"taxonomy":"product_brand","embeddable":true,"href":"https:\/\/morivita.be\/fr\/wp-json\/wp\/v2\/product_brand?post=9517"},{"taxonomy":"product_cat","embeddable":true,"href":"https:\/\/morivita.be\/fr\/wp-json\/wp\/v2\/product_cat?post=9517"},{"taxonomy":"product_tag","embeddable":true,"href":"https:\/\/morivita.be\/fr\/wp-json\/wp\/v2\/product_tag?post=9517"}],"curies":[{"name":"wp","href":"https:\/\/api.w.org\/{rel}","templated":true}]}}