{"id":9797,"date":"2024-03-29T17:18:34","date_gmt":"2024-03-29T16:18:34","guid":{"rendered":"https:\/\/morivita.be\/non class\u00e9\/rollbord-170-cm-pliable-170x50cm\/"},"modified":"2024-03-29T17:18:34","modified_gmt":"2024-03-29T16:18:34","slug":"rollbord-170-cm-pliable-170x50cm","status":"publish","type":"product","link":"https:\/\/morivita.be\/fr\/produit\/rollbord-170-cm-pliable-170x50cm\/","title":{"rendered":"ROLLBORD &#8211; 170 cm &#8211; Pliable &#8211; 170x50cm"},"content":{"rendered":"<p>Simplifiez votre travail et augmentez votre efficacit\u00e9 gr\u00e2ce \u00e0 cet appareil pratique.<\/p>\n<p>Une fois le corps plac\u00e9 sur la planche, vous pouvez d\u00e9placer le patient sans effort, par exemple sur votre brancard ou du brancard \u00e0 la table d&#8217;autopsie !<\/p>\n<p>De plus, il s&#8217;agit d&#8217;un produit exclusif de Morivita. Cela signifie que nous le proposons \u00e0 un prix tr\u00e8s comp\u00e9titif ! Alors n&#8217;attendez plus et commandez-la d\u00e8s maintenant !<\/p>\n","protected":false},"excerpt":{"rendered":"<p>Le planche de transfert des patients vous permet de travailler plus efficacement et de prot\u00e9ger votre dos contre les blessures.<\/p>\n<p>Ce produit est \u00e9galement tr\u00e8s utilis\u00e9 dans les h\u00f4pitaux, c&#8217;est pourquoi nous le proposons sous la marque <strong>Morivita Medical Supplies.<\/strong><\/p>\n<p><img decoding=\"async\" class=\"wp-image-7595 aligncenter\" src=\"https:\/\/morivita.sk\/wp-content\/uploads\/2023\/12\/MORIVITA-medical-supplies-logo-red-300x69.jpeg\" alt=\"\" width=\"221\" height=\"51\"><\/p>\n","protected":false},"featured_media":9754,"template":"","meta":{"_acf_changed":false},"product_brand":[],"product_cat":[280,395,289,294],"product_tag":[],"class_list":{"0":"post-9797","1":"product","2":"type-product","3":"status-publish","4":"has-post-thumbnail","6":"product_cat-transport-fr","7":"product_cat-brancard-fr","8":"product_cat-materiel-hygienique","9":"product_cat-soins","11":"first","12":"instock","13":"taxable","14":"shipping-taxable","15":"purchasable","16":"product-type-simple"},"acf":[],"_links":{"self":[{"href":"https:\/\/morivita.be\/fr\/wp-json\/wp\/v2\/product\/9797","targetHints":{"allow":["GET"]}}],"collection":[{"href":"https:\/\/morivita.be\/fr\/wp-json\/wp\/v2\/product"}],"about":[{"href":"https:\/\/morivita.be\/fr\/wp-json\/wp\/v2\/types\/product"}],"wp:featuredmedia":[{"embeddable":true,"href":"https:\/\/morivita.be\/fr\/wp-json\/wp\/v2\/media\/9754"}],"wp:attachment":[{"href":"https:\/\/morivita.be\/fr\/wp-json\/wp\/v2\/media?parent=9797"}],"wp:term":[{"taxonomy":"product_brand","embeddable":true,"href":"https:\/\/morivita.be\/fr\/wp-json\/wp\/v2\/product_brand?post=9797"},{"taxonomy":"product_cat","embeddable":true,"href":"https:\/\/morivita.be\/fr\/wp-json\/wp\/v2\/product_cat?post=9797"},{"taxonomy":"product_tag","embeddable":true,"href":"https:\/\/morivita.be\/fr\/wp-json\/wp\/v2\/product_tag?post=9797"}],"curies":[{"name":"wp","href":"https:\/\/api.w.org\/{rel}","templated":true}]}}