{"id":9802,"date":"2024-04-22T19:05:25","date_gmt":"2024-04-22T17:05:25","guid":{"rendered":"https:\/\/morivita.be\/?post_type=product&#038;p=9802"},"modified":"2024-04-24T17:03:35","modified_gmt":"2024-04-24T15:03:35","slug":"couvercle-de-transport-civiere-cuillere-de-relevage-bleu-kopie","status":"publish","type":"product","link":"https:\/\/morivita.be\/fr\/produit\/couvercle-de-transport-civiere-cuillere-de-relevage-bleu-kopie\/","title":{"rendered":"Civi\u00e8re cuill\u00e8re de relevage avec sac de transport | Blue"},"content":{"rendered":"<p><strong>Civi\u00e8re cuill\u00e8re de relevage<\/strong><\/p>\n<p>Tr\u00e8s l\u00e9g\u00e8re (10 kg), elle permet tous les transferts tout en limitant les efforts des op\u00e9rateurs.<\/p>\n<p>Elle est si peu encombrante qu\u2019elle peut se poser sur un caisson fun\u00e9raire pour un transport plus facile.<\/p>\n<p>La longueur de la civi\u00e8re peut \u00eatre ajust\u00e9e au corps du d\u00e9c\u00e9d\u00e9.<\/p>\n<p>L\u2019extr\u00e9mit\u00e9 du pied a \u00e9t\u00e9 rendue plus \u00e9troite. \u00bb<\/p>\n<p>La civi\u00e8re est faite d\u2019un alliage d\u2019aluminium solide.<\/p>\n<p>Cela le rend l\u00e9ger, de petite taille et facile \u00e0 transporter.<\/p>\n<p>Le scoop est s\u00fbr \u00e0 utiliser, facile \u00e0 nettoyer et \u00e0 st\u00e9riliser.<\/p>\n<p>&nbsp;<\/p>\n<p><em><strong>Couvercle de transport<\/strong><\/em><\/p>\n<p>Cette housse de transport en toile robuste bleue est con\u00e7ue pour faciliter le rangement et le transport de la civi\u00e8re cuill\u00e8re de relevage.<\/p>\n","protected":false},"excerpt":{"rendered":"<p><strong>Civi\u00e8re cuill\u00e8re de relevage<\/strong><\/p>\n<p>La civi\u00e8re cuill\u00e8re permet d\u2019intervenir dans les endroits les plus exigus tout en r\u00e9duisant les efforts et les risques des op\u00e9rateurs.<\/p>\n<p>&nbsp;<\/p>\n<p><em><strong>Couvercle de transport<\/strong><\/em><\/p>\n<p>Cette housse de transport en toile robuste bleue est con\u00e7ue pour faciliter le rangement et le transport de la civi\u00e8re cuill\u00e8re de relevage.<\/p>\n<p>&nbsp;<\/p>\n<p style=\"text-align: center;\"><strong>Gr\u00e2ce \u00e0 cet article, vous pouvez facilement commander les deux articles en une seule \u00e9tape ! N&#8217;attendez plus et profitez-en !<\/strong><\/p>\n","protected":false},"featured_media":8966,"template":"","meta":{"_acf_changed":false},"product_brand":[],"product_cat":[280,395,397,396,398,399],"product_tag":[],"class_list":{"0":"post-9802","1":"product","2":"type-product","3":"status-publish","4":"has-post-thumbnail","6":"product_cat-transport-fr","7":"product_cat-brancard-fr","8":"product_cat-brancard-normal","9":"product_cat-brancard-xl-fr","10":"product_cat-chariot-de-brancard","11":"product_cat-civiere-cuillere-de-relevage","13":"first","14":"instock","15":"taxable","16":"shipping-taxable","17":"product-type-grouped"},"acf":[],"_links":{"self":[{"href":"https:\/\/morivita.be\/fr\/wp-json\/wp\/v2\/product\/9802","targetHints":{"allow":["GET"]}}],"collection":[{"href":"https:\/\/morivita.be\/fr\/wp-json\/wp\/v2\/product"}],"about":[{"href":"https:\/\/morivita.be\/fr\/wp-json\/wp\/v2\/types\/product"}],"wp:featuredmedia":[{"embeddable":true,"href":"https:\/\/morivita.be\/fr\/wp-json\/wp\/v2\/media\/8966"}],"wp:attachment":[{"href":"https:\/\/morivita.be\/fr\/wp-json\/wp\/v2\/media?parent=9802"}],"wp:term":[{"taxonomy":"product_brand","embeddable":true,"href":"https:\/\/morivita.be\/fr\/wp-json\/wp\/v2\/product_brand?post=9802"},{"taxonomy":"product_cat","embeddable":true,"href":"https:\/\/morivita.be\/fr\/wp-json\/wp\/v2\/product_cat?post=9802"},{"taxonomy":"product_tag","embeddable":true,"href":"https:\/\/morivita.be\/fr\/wp-json\/wp\/v2\/product_tag?post=9802"}],"curies":[{"name":"wp","href":"https:\/\/api.w.org\/{rel}","templated":true}]}}